{"id":1365,"date":"2022-08-30T01:51:00","date_gmt":"2022-08-30T01:51:00","guid":{"rendered":"https:\/\/arsadesarrolloweb.com\/ITRS\/?page_id=1365"},"modified":"2022-08-30T01:51:00","modified_gmt":"2022-08-30T01:51:00","slug":"encontrar-empleo","status":"publish","type":"page","link":"https:\/\/itrsrecruiting.com\/es\/encontrar-empleo\/","title":{"rendered":"Encontrar empleo"},"content":{"rendered":"<div class=\"job_listings \" data-location=\"\" data-keywords=\"\" data-show_filters=\"false\" data-show_pagination=\"false\" data-job_types=\"\" data-featured=\"\" data-filled=\"\" data-per_page=\"10\" data-orderby=\"featured\" data-order=\"DESC\" data-list_layout=\"list\" data-categories=\"\" data-disable-form-state-storage=\"\" data-post_id=\"1847\" >\r\n            <!-- Listings Loader -->\r\n            <div class=\"listings-loader\">\r\n                <div class=\"spinner\">\r\n                  <div class=\"double-bounce1\"><\/div>\r\n                  <div class=\"double-bounce2\"><\/div>\r\n                <\/div>\r\n            <\/div>\r\n            \r\n            <ul class=\"job_listings job-list full     new-layout \" >\r\n\r\n            \t\t<!-- Listing -->\n\t\t<li  data-longitude=\"\" data-latitude=\"\" data-color=\"#1b7cc7\" data-title=\"Inspector de Calidad \u201cB\u201d\" data-image=\"https:\/\/itrsrecruiting.com\/es\/wp-content\/uploads\/2022\/09\/itrs_ico-150x150.png\" data-company=\"\" data-address=\"Ensenada B.C. M\u00e9xico\" data-job_type=\"&lt;span class=&quot;job-type tiempo-completo&quot;&gt;Tiempo completo&lt;\/span&gt;\" data-job_id=\"1922\" data-rate=\"\" data-salary=\"\" data-job_type_class=\"tiempo-completo\" class=\"types_below\" >\n\t\t\t<a href=\"https:\/\/itrsrecruiting.com\/es\/?post_type=job_listing&#038;p=1922\" class=\"left post-1922 job_listing type-job_listing status-expired has-post-thumbnail hentry job_listing_region-ensenada-b-c-mexico-2 job_listing_category-calidad job_listing_type-tiempo-completo job-type-tiempo-completo\" data-longitude=\"\" data-latitude=\"\">\n\t\t\t\t<div class=\"listing-logo\">\n\t\t\t\t\t<img decoding=\"async\" class=\"company_logo\" src=\"https:\/\/itrsrecruiting.com\/es\/wp-content\/uploads\/2022\/09\/itrs_ico-150x150.png\" alt=\"\" \/>\t\t\t\t<\/div>\n\t\t\t\t<div class=\"listing-title\">\n\t\t\t\t\t<h4>Inspector de Calidad \u201cB\u201d\t\t\t\t\t\t<div class=\"listing-types-list\"><span class=\"job-type tiempo-completo\">Tiempo completo<\/span><\/div>\n\n\t\t\t\t\t<\/h4>\n\n\t\t\t\t\t<ul class=\"listing-icons\">\n\t\t\t\t\t\t\n\t\t\t\t\t\t\t\t\t\t\t\t\n\t\t\t\t\t\t\t\t\t\t\t\t\t<li><i class=\"ln ln-icon-Map2\"><\/i>  Ensenada B.C. M\u00e9xico<\/li>\n\t\t\t\t\t\t\n\t\t\t\t\t\t\n\t\t\t\t\t\t\t\t\t\t\t\t\t\t\t\t\t\t\t\t\t\t\t\t\n\n\t\t\t\t\t\t\t\t\t\t\t\t\t\t\t\t\t\t\t<div class=\"listing-desc\"><p>Descripci\u00f3n del puesto: Buscamos un responsable Inspector de calidad para comprobar la calidad de todo el material y los productos\u00a0entrantes y salientes, as\u00ed como los procedimientos de producci\u00f3n. Ser\u00e1 un&#8230;<\/p>\n<\/div>\n\t\t\t\t\t\t\n\n\t\t\t\t\t<\/ul>\n\n\t\t\t\t<\/div>\n\t\t\t<\/a>\n\t\t<\/li>\n\t\t\t<!-- Listing -->\n\t\t<li  data-longitude=\"\" data-latitude=\"\" data-color=\"#1b7cc7\" data-title=\"Ingeniero de Calidad\" data-image=\"https:\/\/itrsrecruiting.com\/es\/wp-content\/uploads\/2022\/06\/ITRS_mockup-logo-blue_jun22-150x137.png\" data-company=\"ITRS\" data-address=\"En el sitio, Mexico, Tijuana\" data-job_type=\"&lt;span class=&quot;job-type tiempo-completo&quot;&gt;Tiempo completo&lt;\/span&gt;\" data-job_id=\"1876\" data-rate=\"\" data-salary=\"\" data-job_type_class=\"tiempo-completo\" class=\"types_below\" >\n\t\t\t<a href=\"https:\/\/itrsrecruiting.com\/es\/?post_type=job_listing&#038;p=1876\" class=\"left post-1876 job_listing type-job_listing status-expired has-post-thumbnail hentry job_listing_region-en-el-sitio job_listing_region-mexico job_listing_region-tijuana job_listing_category-calidad job_listing_category-ingenieria job_listing_type-tiempo-completo job-type-tiempo-completo\" data-longitude=\"\" data-latitude=\"\">\n\t\t\t\t<div class=\"listing-logo\">\n\t\t\t\t\t<img decoding=\"async\" class=\"company_logo\" src=\"https:\/\/itrsrecruiting.com\/es\/wp-content\/uploads\/2022\/06\/ITRS_mockup-logo-blue_jun22-150x137.png\" alt=\"ITRS\" \/>\t\t\t\t<\/div>\n\t\t\t\t<div class=\"listing-title\">\n\t\t\t\t\t<h4>Ingeniero de Calidad\t\t\t\t\t\t<div class=\"listing-types-list\"><span class=\"job-type tiempo-completo\">Tiempo completo<\/span><\/div>\n\n\t\t\t\t\t<\/h4>\n\n\t\t\t\t\t<ul class=\"listing-icons\">\n\t\t\t\t\t\t\n\t\t\t\t\t\t\t\t\t\t\t\t\n\t\t\t\t\t\t\t\t\t\t\t\t\t<li><i class=\"ln ln-icon-Map2\"><\/i>  En el sitio, Mexico, Tijuana<\/li>\n\t\t\t\t\t\t\n\t\t\t\t\t\t\n\t\t\t\t\t\t\t\t\t\t\t\t\t\t\t\t\t\t\t\t\t\t\t\t\n\n\t\t\t\t\t\t\t\t\t\t\t\t\t\t\t\t\t\t\t<div class=\"listing-desc\"><p>Objetivo del puesto: El Ingeniero de Calidad mantiene y hace cumplir los procedimientos del sistema de calida, asegur\u00e1ndose que los procesos, productos y servicios cumplen con los est\u00e1ndares de calidad&#8230;<\/p>\n<\/div>\n\t\t\t\t\t\t\n\n\t\t\t\t\t<\/ul>\n\n\t\t\t\t<\/div>\n\t\t\t<\/a>\n\t\t<\/li>\n\t\t\t<!-- Listing -->\n\t\t<li  data-longitude=\"\" data-latitude=\"\" data-color=\"#1b7cc7\" data-title=\"Ingeniero de Moldeo\" data-image=\"https:\/\/itrsrecruiting.com\/es\/wp-content\/uploads\/2022\/06\/ITRS_mockup-logo-blue_jun22-150x137.png\" data-company=\"ITRS\" data-address=\"En el sitio, Mexico, Tijuana\" data-job_type=\"&lt;span class=&quot;job-type tiempo-completo&quot;&gt;Tiempo completo&lt;\/span&gt;\" data-job_id=\"1873\" data-rate=\"\" data-salary=\"\" data-job_type_class=\"tiempo-completo\" class=\"types_below\" >\n\t\t\t<a href=\"https:\/\/itrsrecruiting.com\/es\/?post_type=job_listing&#038;p=1873\" class=\"left post-1873 job_listing type-job_listing status-expired has-post-thumbnail hentry job_listing_region-en-el-sitio job_listing_region-mexico job_listing_region-tijuana job_listing_category-ingenieria job_listing_type-tiempo-completo job-type-tiempo-completo\" data-longitude=\"\" data-latitude=\"\">\n\t\t\t\t<div class=\"listing-logo\">\n\t\t\t\t\t<img decoding=\"async\" class=\"company_logo\" src=\"https:\/\/itrsrecruiting.com\/es\/wp-content\/uploads\/2022\/06\/ITRS_mockup-logo-blue_jun22-150x137.png\" alt=\"ITRS\" \/>\t\t\t\t<\/div>\n\t\t\t\t<div class=\"listing-title\">\n\t\t\t\t\t<h4>Ingeniero de Moldeo\t\t\t\t\t\t<div class=\"listing-types-list\"><span class=\"job-type tiempo-completo\">Tiempo completo<\/span><\/div>\n\n\t\t\t\t\t<\/h4>\n\n\t\t\t\t\t<ul class=\"listing-icons\">\n\t\t\t\t\t\t\n\t\t\t\t\t\t\t\t\t\t\t\t\n\t\t\t\t\t\t\t\t\t\t\t\t\t<li><i class=\"ln ln-icon-Map2\"><\/i>  En el sitio, Mexico, Tijuana<\/li>\n\t\t\t\t\t\t\n\t\t\t\t\t\t\n\t\t\t\t\t\t\t\t\t\t\t\t\t\t\t\t\t\t\t\t\t\t\t\t\n\n\t\t\t\t\t\t\t\t\t\t\t\t\t\t\t\t\t\t\t<div class=\"listing-desc\"><p>Resumen de Trabajo: Somos un fabricante l\u00edder de dispositivos m\u00e9dicos innovadores que mejoran la vida de los pacientes en todo el mundo. Estamos buscando un ingeniero de moldeo de pl\u00e1stico&#8230;<\/p>\n<\/div>\n\t\t\t\t\t\t\n\n\t\t\t\t\t<\/ul>\n\n\t\t\t\t<\/div>\n\t\t\t<\/a>\n\t\t<\/li>\n\t\t\t<!-- Listing -->\n\t\t<li  data-longitude=\"\" data-latitude=\"\" data-color=\"#1b7cc7\" data-title=\"Ingeniero de Manufactura\" data-image=\"https:\/\/itrsrecruiting.com\/es\/wp-content\/uploads\/2022\/06\/ITRS_mockup-logo-blue_jun22-150x137.png\" data-company=\"ITRS\" data-address=\"En el sitio, Mexico, Tijuana\" data-job_type=\"&lt;span class=&quot;job-type tiempo-completo&quot;&gt;Tiempo completo&lt;\/span&gt;\" data-job_id=\"1867\" data-rate=\"\" data-salary=\"\" data-job_type_class=\"tiempo-completo\" class=\"types_below\" >\n\t\t\t<a href=\"https:\/\/itrsrecruiting.com\/es\/?post_type=job_listing&#038;p=1867\" class=\"left post-1867 job_listing type-job_listing status-expired has-post-thumbnail hentry job_listing_region-en-el-sitio job_listing_region-mexico job_listing_region-tijuana job_listing_category-ingenieria job_listing_type-tiempo-completo job-type-tiempo-completo\" data-longitude=\"\" data-latitude=\"\">\n\t\t\t\t<div class=\"listing-logo\">\n\t\t\t\t\t<img decoding=\"async\" class=\"company_logo\" src=\"https:\/\/itrsrecruiting.com\/es\/wp-content\/uploads\/2022\/06\/ITRS_mockup-logo-blue_jun22-150x137.png\" alt=\"ITRS\" \/>\t\t\t\t<\/div>\n\t\t\t\t<div class=\"listing-title\">\n\t\t\t\t\t<h4>Ingeniero de Manufactura\t\t\t\t\t\t<div class=\"listing-types-list\"><span class=\"job-type tiempo-completo\">Tiempo completo<\/span><\/div>\n\n\t\t\t\t\t<\/h4>\n\n\t\t\t\t\t<ul class=\"listing-icons\">\n\t\t\t\t\t\t\n\t\t\t\t\t\t\t\t\t\t\t\t\n\t\t\t\t\t\t\t\t\t\t\t\t\t<li><i class=\"ln ln-icon-Map2\"><\/i>  En el sitio, Mexico, Tijuana<\/li>\n\t\t\t\t\t\t\n\t\t\t\t\t\t\n\t\t\t\t\t\t\t\t\t\t\t\t\t\t\t\t\t\t\t\t\t\t\t\t\n\n\t\t\t\t\t\t\t\t\t\t\t\t\t\t\t\t\t\t\t<div class=\"listing-desc\"><p>Objetivo de Trabajo: Estamos buscando un ingeniero de fabricaci\u00f3n para unirse a nuestro equipo y ayudarnos a desarrollar y optimizar los procesos de fabricaci\u00f3n de nuestros dispositivos m\u00e9dicos innovadores. Ser\u00e1&#8230;<\/p>\n<\/div>\n\t\t\t\t\t\t\n\n\t\t\t\t\t<\/ul>\n\n\t\t\t\t<\/div>\n\t\t\t<\/a>\n\t\t<\/li>\n\t\t\t<!-- Listing -->\n\t\t<li  data-longitude=\"\" data-latitude=\"\" data-color=\"#1b7cc7\" data-title=\"Director de Ingenier\u00eda\" data-image=\"https:\/\/itrsrecruiting.com\/es\/wp-content\/uploads\/2022\/06\/ITRS_mockup-logo-blue_jun22-150x137.png\" data-company=\"ITRS\" data-address=\"En el sitio, Mexico, Tijuana\" data-job_type=\"&lt;span class=&quot;job-type tiempo-completo&quot;&gt;Tiempo completo&lt;\/span&gt;\" data-job_id=\"1865\" data-rate=\"\" data-salary=\"\" data-job_type_class=\"tiempo-completo\" class=\"types_below\" >\n\t\t\t<a href=\"https:\/\/itrsrecruiting.com\/es\/?post_type=job_listing&#038;p=1865\" class=\"left post-1865 job_listing type-job_listing status-expired has-post-thumbnail hentry job_listing_region-en-el-sitio job_listing_region-mexico job_listing_region-tijuana job_listing_category-gestion job_listing_category-ingenieria job_listing_type-tiempo-completo job-type-tiempo-completo\" data-longitude=\"\" data-latitude=\"\">\n\t\t\t\t<div class=\"listing-logo\">\n\t\t\t\t\t<img decoding=\"async\" class=\"company_logo\" src=\"https:\/\/itrsrecruiting.com\/es\/wp-content\/uploads\/2022\/06\/ITRS_mockup-logo-blue_jun22-150x137.png\" alt=\"ITRS\" \/>\t\t\t\t<\/div>\n\t\t\t\t<div class=\"listing-title\">\n\t\t\t\t\t<h4>Director de Ingenier\u00eda\t\t\t\t\t\t<div class=\"listing-types-list\"><span class=\"job-type tiempo-completo\">Tiempo completo<\/span><\/div>\n\n\t\t\t\t\t<\/h4>\n\n\t\t\t\t\t<ul class=\"listing-icons\">\n\t\t\t\t\t\t\n\t\t\t\t\t\t\t\t\t\t\t\t\n\t\t\t\t\t\t\t\t\t\t\t\t\t<li><i class=\"ln ln-icon-Map2\"><\/i>  En el sitio, Mexico, Tijuana<\/li>\n\t\t\t\t\t\t\n\t\t\t\t\t\t\n\t\t\t\t\t\t\t\t\t\t\t\t\t\t\t\t\t\t\t\t\t\t\t\t\n\n\t\t\t\t\t\t\t\t\t\t\t\t\t\t\t\t\t\t\t<div class=\"listing-desc\"><p>Resumen de Posici\u00f3n: El prop\u00f3sito del rol de Gerente de ingenier\u00eda es dirigir las actividades que aseguran que los procesos de fabricaci\u00f3n, el equipo y la configuraci\u00f3n del producto (BOM,&#8230;<\/p>\n<\/div>\n\t\t\t\t\t\t\n\n\t\t\t\t\t<\/ul>\n\n\t\t\t\t<\/div>\n\t\t\t<\/a>\n\t\t<\/li>\n\t\t\t<!-- Listing -->\n\t\t<li  data-longitude=\"\" data-latitude=\"\" data-color=\"#1b7cc7\" data-title=\"Gerente de la Planta\" data-image=\"https:\/\/itrsrecruiting.com\/es\/wp-content\/uploads\/2022\/06\/ITRS_mockup-logo-blue_jun22-150x137.png\" data-company=\"ITRS\" data-address=\"En el sitio, Mexico, Tijuana\" data-job_type=\"&lt;span class=&quot;job-type tiempo-completo&quot;&gt;Tiempo completo&lt;\/span&gt;\" data-job_id=\"1862\" data-rate=\"\" data-salary=\"\" data-job_type_class=\"tiempo-completo\" class=\"types_below\" >\n\t\t\t<a href=\"https:\/\/itrsrecruiting.com\/es\/?post_type=job_listing&#038;p=1862\" class=\"left post-1862 job_listing type-job_listing status-expired has-post-thumbnail hentry job_listing_region-en-el-sitio job_listing_region-mexico job_listing_region-tijuana job_listing_category-gestion job_listing_category-operaciones job_listing_type-tiempo-completo job-type-tiempo-completo\" data-longitude=\"\" data-latitude=\"\">\n\t\t\t\t<div class=\"listing-logo\">\n\t\t\t\t\t<img decoding=\"async\" class=\"company_logo\" src=\"https:\/\/itrsrecruiting.com\/es\/wp-content\/uploads\/2022\/06\/ITRS_mockup-logo-blue_jun22-150x137.png\" alt=\"ITRS\" \/>\t\t\t\t<\/div>\n\t\t\t\t<div class=\"listing-title\">\n\t\t\t\t\t<h4>Gerente de la Planta\t\t\t\t\t\t<div class=\"listing-types-list\"><span class=\"job-type tiempo-completo\">Tiempo completo<\/span><\/div>\n\n\t\t\t\t\t<\/h4>\n\n\t\t\t\t\t<ul class=\"listing-icons\">\n\t\t\t\t\t\t\n\t\t\t\t\t\t\t\t\t\t\t\t\n\t\t\t\t\t\t\t\t\t\t\t\t\t<li><i class=\"ln ln-icon-Map2\"><\/i>  En el sitio, Mexico, Tijuana<\/li>\n\t\t\t\t\t\t\n\t\t\t\t\t\t\n\t\t\t\t\t\t\t\t\t\t\t\t\t\t\t\t\t\t\t\t\t\t\t\t\n\n\t\t\t\t\t\t\t\t\t\t\t\t\t\t\t\t\t\t\t<div class=\"listing-desc\"><p>Resumen de Posici\u00f3n: El prop\u00f3sito del rol de Gerente de Planta es supervisar y dirigir el equipo de gesti\u00f3n de la planta, que consta de Actividades de fabricaci\u00f3n, ingenier\u00eda, calidad,&#8230;<\/p>\n<\/div>\n\t\t\t\t\t\t\n\n\t\t\t\t\t<\/ul>\n\n\t\t\t\t<\/div>\n\t\t\t<\/a>\n\t\t<\/li>\n\t\t\t<!-- Listing -->\n\t\t<li  data-longitude=\"\" data-latitude=\"\" data-color=\"#1b7cc7\" data-title=\"Especialista en Seguridad e Higiene\" data-image=\"https:\/\/itrsrecruiting.com\/es\/wp-content\/uploads\/2022\/06\/ITRS_mockup-logo-blue_jun22-150x137.png\" data-company=\"\" data-address=\"En el sitio, Ensenada B.C. M\u00e9xico\" data-job_type=\"&lt;span class=&quot;job-type tiempo-completo&quot;&gt;Tiempo completo&lt;\/span&gt;\" data-job_id=\"1860\" data-rate=\"\" data-salary=\"\" data-job_type_class=\"tiempo-completo\" class=\"types_below\" >\n\t\t\t<a href=\"https:\/\/itrsrecruiting.com\/es\/?post_type=job_listing&#038;p=1860\" class=\"left post-1860 job_listing type-job_listing status-expired has-post-thumbnail hentry job_listing_region-en-el-sitio job_listing_region-ensenada-b-c-mexico-2 job_listing_category-operaciones job_listing_type-tiempo-completo job-type-tiempo-completo\" data-longitude=\"\" data-latitude=\"\">\n\t\t\t\t<div class=\"listing-logo\">\n\t\t\t\t\t<img decoding=\"async\" class=\"company_logo\" src=\"https:\/\/itrsrecruiting.com\/es\/wp-content\/uploads\/2022\/06\/ITRS_mockup-logo-blue_jun22-150x137.png\" alt=\"\" \/>\t\t\t\t<\/div>\n\t\t\t\t<div class=\"listing-title\">\n\t\t\t\t\t<h4>Especialista en Seguridad e Higiene\t\t\t\t\t\t<div class=\"listing-types-list\"><span class=\"job-type tiempo-completo\">Tiempo completo<\/span><\/div>\n\n\t\t\t\t\t<\/h4>\n\n\t\t\t\t\t<ul class=\"listing-icons\">\n\t\t\t\t\t\t\n\t\t\t\t\t\t\t\t\t\t\t\t\n\t\t\t\t\t\t\t\t\t\t\t\t\t<li><i class=\"ln ln-icon-Map2\"><\/i>  En el sitio, Ensenada B.C. M\u00e9xico<\/li>\n\t\t\t\t\t\t\n\t\t\t\t\t\t\n\t\t\t\t\t\t\t\t\t\t\t\t\t\t\t\t\t\t\t\t\t\t\t\t\n\n\t\t\t\t\t\t\t\t\t\t\t\t\t\t\t\t\t\t\t<div class=\"listing-desc\"><p>Resumen de Posici\u00f3n: Liderar, coordinar y guiar las actividades relacionadas con la administraci\u00f3n, organizaci\u00f3n, desarrollo mantenimiento y planeaci\u00f3n de las responsabilidades del departamento de seguridad, higiene y ecolog\u00eda, para el&#8230;<\/p>\n<\/div>\n\t\t\t\t\t\t\n\n\t\t\t\t\t<\/ul>\n\n\t\t\t\t<\/div>\n\t\t\t<\/a>\n\t\t<\/li>\n\t\t\t<!-- Listing -->\n\t\t<li  data-longitude=\"\" data-latitude=\"\" data-color=\"#1b7cc7\" data-title=\"Jefe de Producci\u00f3n\" data-image=\"https:\/\/itrsrecruiting.com\/es\/wp-content\/uploads\/2022\/06\/ITRS_mockup-logo-blue_jun22-150x137.png\" data-company=\"Confidencial\" data-address=\"En el sitio, Ensenada B.C.\" data-job_type=\"&lt;span class=&quot;job-type tiempo-completo&quot;&gt;Tiempo completo&lt;\/span&gt;\" data-job_id=\"1853\" data-rate=\"\" data-salary=\"\" data-job_type_class=\"tiempo-completo\" class=\"types_below\" >\n\t\t\t<a href=\"https:\/\/itrsrecruiting.com\/es\/?post_type=job_listing&#038;p=1853\" class=\"left post-1853 job_listing type-job_listing status-expired has-post-thumbnail hentry job_listing_region-en-el-sitio job_listing_region-ensenada-b-c job_listing_category-operaciones job_listing_type-tiempo-completo job-type-tiempo-completo\" data-longitude=\"\" data-latitude=\"\">\n\t\t\t\t<div class=\"listing-logo\">\n\t\t\t\t\t<img decoding=\"async\" class=\"company_logo\" src=\"https:\/\/itrsrecruiting.com\/es\/wp-content\/uploads\/2022\/06\/ITRS_mockup-logo-blue_jun22-150x137.png\" alt=\"Confidencial\" \/>\t\t\t\t<\/div>\n\t\t\t\t<div class=\"listing-title\">\n\t\t\t\t\t<h4>Jefe de Producci\u00f3n\t\t\t\t\t\t<div class=\"listing-types-list\"><span class=\"job-type tiempo-completo\">Tiempo completo<\/span><\/div>\n\n\t\t\t\t\t<\/h4>\n\n\t\t\t\t\t<ul class=\"listing-icons\">\n\t\t\t\t\t\t\n\t\t\t\t\t\t\t\t\t\t\t\t\n\t\t\t\t\t\t\t\t\t\t\t\t\t<li><i class=\"ln ln-icon-Map2\"><\/i>  En el sitio, Ensenada B.C.<\/li>\n\t\t\t\t\t\t\n\t\t\t\t\t\t\n\t\t\t\t\t\t\t\t\t\t\t\t\t\t\t\t\t\t\t\t\t\t\t\t\n\n\t\t\t\t\t\t\t\t\t\t\t\t\t\t\t\t\t\t\t<div class=\"listing-desc\"><p>Descripci\u00f3n Del Drabajo: Como gerente de producci\u00f3n, ser\u00e1 responsable de todo el piso de producci\u00f3n tanto para el primero como para el segundo cambio. Su objetivo principal es garantizar que&#8230;<\/p>\n<\/div>\n\t\t\t\t\t\t\n\n\t\t\t\t\t<\/ul>\n\n\t\t\t\t<\/div>\n\t\t\t<\/a>\n\t\t<\/li>\n\t\t\t<!-- Listing -->\n\t\t<li  data-longitude=\"\" data-latitude=\"\" data-color=\"#1b7cc7\" data-title=\"Supervisor de Calidad\" data-image=\"https:\/\/itrsrecruiting.com\/es\/wp-content\/uploads\/2022\/06\/ITRS_mockup-logo-blue_jun22-150x137.png\" data-company=\"Confidencial\" data-address=\"En el sitio, Ensenada B.C.\" data-job_type=\"&lt;span class=&quot;job-type tiempo-completo&quot;&gt;Tiempo completo&lt;\/span&gt;\" data-job_id=\"1850\" data-rate=\"\" data-salary=\"\" data-job_type_class=\"tiempo-completo\" class=\"types_below\" >\n\t\t\t<a href=\"https:\/\/itrsrecruiting.com\/es\/?post_type=job_listing&#038;p=1850\" class=\"left post-1850 job_listing type-job_listing status-expired has-post-thumbnail hentry job_listing_region-en-el-sitio job_listing_region-ensenada-b-c job_listing_category-calidad job_listing_type-tiempo-completo job-type-tiempo-completo\" data-longitude=\"\" data-latitude=\"\">\n\t\t\t\t<div class=\"listing-logo\">\n\t\t\t\t\t<img decoding=\"async\" class=\"company_logo\" src=\"https:\/\/itrsrecruiting.com\/es\/wp-content\/uploads\/2022\/06\/ITRS_mockup-logo-blue_jun22-150x137.png\" alt=\"Confidencial\" \/>\t\t\t\t<\/div>\n\t\t\t\t<div class=\"listing-title\">\n\t\t\t\t\t<h4>Supervisor de Calidad\t\t\t\t\t\t<div class=\"listing-types-list\"><span class=\"job-type tiempo-completo\">Tiempo completo<\/span><\/div>\n\n\t\t\t\t\t<\/h4>\n\n\t\t\t\t\t<ul class=\"listing-icons\">\n\t\t\t\t\t\t\n\t\t\t\t\t\t\t\t\t\t\t\t\n\t\t\t\t\t\t\t\t\t\t\t\t\t<li><i class=\"ln ln-icon-Map2\"><\/i>  En el sitio, Ensenada B.C.<\/li>\n\t\t\t\t\t\t\n\t\t\t\t\t\t\n\t\t\t\t\t\t\t\t\t\t\t\t\t\t\t\t\t\t\t\t\t\t\t\t\n\n\t\t\t\t\t\t\t\t\t\t\t\t\t\t\t\t\t\t\t<div class=\"listing-desc\"><p>Descripci\u00f3n Del Trabajo Un supervisor de calidad altamente calificado y en\u00e9rgico con experiencia en ingenier\u00eda de calidad, producto Desarrollo y mantenimiento de est\u00e1ndares de calidad alineados con AS9100. Responsabilidades y&#8230;<\/p>\n<\/div>\n\t\t\t\t\t\t\n\n\t\t\t\t\t<\/ul>\n\n\t\t\t\t<\/div>\n\t\t\t<\/a>\n\t\t<\/li>\n\t\t\t<!-- Listing -->\n\t\t<li  data-longitude=\"\" data-latitude=\"\" data-color=\"#1b7cc7\" data-title=\"Programador CNC-MasterCam\" data-image=\"https:\/\/itrsrecruiting.com\/es\/wp-content\/uploads\/2022\/06\/ITRS_mockup-logo-blue_jun22-150x137.png\" data-company=\"Confidencial\" data-address=\"En el sitio, Ensenada B.C.\" data-job_type=\"&lt;span class=&quot;job-type tiempo-completo&quot;&gt;Tiempo completo&lt;\/span&gt;\" data-job_id=\"1847\" data-rate=\"\" data-salary=\"\" data-job_type_class=\"tiempo-completo\" class=\"types_below\" >\n\t\t\t<a href=\"https:\/\/itrsrecruiting.com\/es\/?post_type=job_listing&#038;p=1847\" class=\"left post-1847 job_listing type-job_listing status-expired has-post-thumbnail hentry job_listing_region-en-el-sitio job_listing_region-ensenada-b-c job_listing_category-operaciones job_listing_type-tiempo-completo job-type-tiempo-completo\" data-longitude=\"\" data-latitude=\"\">\n\t\t\t\t<div class=\"listing-logo\">\n\t\t\t\t\t<img decoding=\"async\" class=\"company_logo\" src=\"https:\/\/itrsrecruiting.com\/es\/wp-content\/uploads\/2022\/06\/ITRS_mockup-logo-blue_jun22-150x137.png\" alt=\"Confidencial\" \/>\t\t\t\t<\/div>\n\t\t\t\t<div class=\"listing-title\">\n\t\t\t\t\t<h4>Programador CNC-MasterCam\t\t\t\t\t\t<div class=\"listing-types-list\"><span class=\"job-type tiempo-completo\">Tiempo completo<\/span><\/div>\n\n\t\t\t\t\t<\/h4>\n\n\t\t\t\t\t<ul class=\"listing-icons\">\n\t\t\t\t\t\t\n\t\t\t\t\t\t\t\t\t\t\t\t\n\t\t\t\t\t\t\t\t\t\t\t\t\t<li><i class=\"ln ln-icon-Map2\"><\/i>  En el sitio, Ensenada B.C.<\/li>\n\t\t\t\t\t\t\n\t\t\t\t\t\t\n\t\t\t\t\t\t\t\t\t\t\t\t\t\t\t\t\t\t\t\t\t\t\t\t\n\n\t\t\t\t\t\t\t\t\t\t\t\t\t\t\t\t\t\t\t<div class=\"listing-desc\"><p>Descripci\u00f3n Del Trabajo: Responsable de leer e interpretar planos de dise\u00f1o, programaci\u00f3n CNC \u2013 Mastercam y ajustar la configuraci\u00f3n de la m\u00e1quina hasta se cumplen las especificaciones deseadas para apoyar&#8230;<\/p>\n<\/div>\n\t\t\t\t\t\t\n\n\t\t\t\t\t<\/ul>\n\n\t\t\t\t<\/div>\n\t\t\t<\/a>\n\t\t<\/li>\n\t\r\n            <\/ul>\n\r\n            \r\n                \r\n                                    <a class=\"load_more_jobs button centered\" href=\"#\"><i class=\"fa fa-plus-circle\"><\/i>Show More Jobs<\/a>\r\n                    <div class=\"margin-bottom-55\"><\/div>\r\n                \r\n            \r\n            \r\n        <\/div>\n","protected":false},"excerpt":{"rendered":"","protected":false},"author":1,"featured_media":0,"parent":0,"menu_order":0,"comment_status":"closed","ping_status":"closed","template":"template-jobs.php","meta":{"footnotes":""},"class_list":["post-1365","page","type-page","status-publish","hentry"],"_links":{"self":[{"href":"https:\/\/itrsrecruiting.com\/es\/wp-json\/wp\/v2\/pages\/1365","targetHints":{"allow":["GET"]}}],"collection":[{"href":"https:\/\/itrsrecruiting.com\/es\/wp-json\/wp\/v2\/pages"}],"about":[{"href":"https:\/\/itrsrecruiting.com\/es\/wp-json\/wp\/v2\/types\/page"}],"author":[{"embeddable":true,"href":"https:\/\/itrsrecruiting.com\/es\/wp-json\/wp\/v2\/users\/1"}],"replies":[{"embeddable":true,"href":"https:\/\/itrsrecruiting.com\/es\/wp-json\/wp\/v2\/comments?post=1365"}],"version-history":[{"count":1,"href":"https:\/\/itrsrecruiting.com\/es\/wp-json\/wp\/v2\/pages\/1365\/revisions"}],"predecessor-version":[{"id":1367,"href":"https:\/\/itrsrecruiting.com\/es\/wp-json\/wp\/v2\/pages\/1365\/revisions\/1367"}],"wp:attachment":[{"href":"https:\/\/itrsrecruiting.com\/es\/wp-json\/wp\/v2\/media?parent=1365"}],"curies":[{"name":"wp","href":"https:\/\/api.w.org\/{rel}","templated":true}]}}